{"id":3351,"date":"2018-05-17T12:57:45","date_gmt":"2018-05-17T12:57:45","guid":{"rendered":"https:\/\/fedecazabizkaia.org\/?page_id=3351"},"modified":"2018-05-17T12:57:45","modified_gmt":"2018-05-17T12:57:45","slug":"expedicion-certificados-legalizacion-armas-detonadoras","status":"publish","type":"page","link":"https:\/\/fedecazabizkaia.org\/eu\/expedicion-certificados-legalizacion-armas-detonadoras\/","title":{"rendered":"(Espa\u00f1ol) Expedici\u00f3n Certificados Legalizaci\u00f3n Armas Detonadoras"},"content":{"rendered":"<p class=\"qtranxs-available-languages-message qtranxs-available-languages-message-eu\">Sentitzen dugu, baina sarrera hau %LANG-z:, : eta % bakarrik dago.<\/p>","protected":false},"excerpt":{"rendered":"<p>Sentitzen dugu, baina sarrera hau %LANG-z:, : eta % bakarrik dago.<\/p>\n","protected":false},"author":1,"featured_media":3352,"parent":0,"menu_order":0,"comment_status":"closed","ping_status":"closed","template":"","meta":{"footnotes":""},"class_list":["post-3351","page","type-page","status-publish","has-post-thumbnail","hentry"],"yoast_head":"<!-- This site is optimized with the Yoast SEO plugin v23.4 - https:\/\/yoast.com\/wordpress\/plugins\/seo\/ -->\n<title><\/title>\n<meta name=\"robots\" content=\"index, follow, max-snippet:-1, max-image-preview:large, max-video-preview:-1\" \/>\n<link rel=\"canonical\" href=\"https:\/\/fedecazabizkaia.org\/expedicion-certificados-legalizacion-armas-detonadoras\/\" \/>\n<meta property=\"og:locale\" content=\"en_US\" \/>\n<meta property=\"og:type\" content=\"article\" \/>\n<meta property=\"og:title\" content=\"[:es]Expedici\u00f3n Certificados Legalizaci\u00f3n Armas Detonadoras[:] - FEDERACI\u00d3N BIZKAINA DE CAZA\" \/>\n<meta property=\"og:description\" content=\"Sentitzen dugu, baina sarrera hau %LANG-z:, : eta % bakarrik dago.\" \/>\n<meta property=\"og:url\" content=\"https:\/\/fedecazabizkaia.org\/expedicion-certificados-legalizacion-armas-detonadoras\/\" \/>\n<meta property=\"og:site_name\" content=\"FEDERACI\u00d3N BIZKAINA DE CAZA\" \/>\n<meta property=\"article:publisher\" content=\"https:\/\/www.facebook.com\/FederacionBizkainaDeCaza\/\" \/>\n<meta property=\"og:image\" content=\"https:\/\/fedecazabizkaia.org\/wp-content\/uploads\/2018\/05\/se-podran-seguir-usando-armas-detonadoras-en-el-adiestramiento-profesional-de-perros-de-caza-perros-1.jpg\" \/>\n\t<meta property=\"og:image:width\" content=\"800\" \/>\n\t<meta property=\"og:image:height\" content=\"800\" \/>\n\t<meta property=\"og:image:type\" content=\"image\/jpeg\" \/>\n<meta name=\"twitter:card\" content=\"summary_large_image\" \/>\n<script type=\"application\/ld+json\" class=\"yoast-schema-graph\">{\"@context\":\"https:\/\/schema.org\",\"@graph\":[{\"@type\":\"WebPage\",\"@id\":\"https:\/\/fedecazabizkaia.org\/expedicion-certificados-legalizacion-armas-detonadoras\/\",\"url\":\"https:\/\/fedecazabizkaia.org\/expedicion-certificados-legalizacion-armas-detonadoras\/\",\"name\":\"[:es]Expedici\u00f3n Certificados Legalizaci\u00f3n Armas Detonadoras[:] - FEDERACI\u00d3N BIZKAINA DE CAZA\",\"isPartOf\":{\"@id\":\"https:\/\/fedecazabizkaia.org\/#website\"},\"primaryImageOfPage\":{\"@id\":\"https:\/\/fedecazabizkaia.org\/expedicion-certificados-legalizacion-armas-detonadoras\/#primaryimage\"},\"image\":{\"@id\":\"https:\/\/fedecazabizkaia.org\/expedicion-certificados-legalizacion-armas-detonadoras\/#primaryimage\"},\"thumbnailUrl\":\"https:\/\/fedecazabizkaia.org\/wp-content\/uploads\/2018\/05\/se-podran-seguir-usando-armas-detonadoras-en-el-adiestramiento-profesional-de-perros-de-caza-perros-1.jpg\",\"datePublished\":\"2018-05-17T12:57:45+00:00\",\"dateModified\":\"2018-05-17T12:57:45+00:00\",\"breadcrumb\":{\"@id\":\"https:\/\/fedecazabizkaia.org\/expedicion-certificados-legalizacion-armas-detonadoras\/#breadcrumb\"},\"inLanguage\":\"eu\",\"potentialAction\":[{\"@type\":\"ReadAction\",\"target\":[\"https:\/\/fedecazabizkaia.org\/expedicion-certificados-legalizacion-armas-detonadoras\/\"]}]},{\"@type\":\"ImageObject\",\"inLanguage\":\"eu\",\"@id\":\"https:\/\/fedecazabizkaia.org\/expedicion-certificados-legalizacion-armas-detonadoras\/#primaryimage\",\"url\":\"https:\/\/fedecazabizkaia.org\/wp-content\/uploads\/2018\/05\/se-podran-seguir-usando-armas-detonadoras-en-el-adiestramiento-profesional-de-perros-de-caza-perros-1.jpg\",\"contentUrl\":\"https:\/\/fedecazabizkaia.org\/wp-content\/uploads\/2018\/05\/se-podran-seguir-usando-armas-detonadoras-en-el-adiestramiento-profesional-de-perros-de-caza-perros-1.jpg\",\"width\":800,\"height\":800},{\"@type\":\"BreadcrumbList\",\"@id\":\"https:\/\/fedecazabizkaia.org\/expedicion-certificados-legalizacion-armas-detonadoras\/#breadcrumb\",\"itemListElement\":[{\"@type\":\"ListItem\",\"position\":1,\"name\":\"Portada\",\"item\":\"https:\/\/fedecazabizkaia.org\/\"},{\"@type\":\"ListItem\",\"position\":2,\"name\":\"Expedici\u00f3n Certificados Legalizaci\u00f3n Armas Detonadoras\"}]},{\"@type\":\"WebSite\",\"@id\":\"https:\/\/fedecazabizkaia.org\/#website\",\"url\":\"https:\/\/fedecazabizkaia.org\/\",\"name\":\"FEDERACI\u00d3N BIZKAINA DE CAZA\",\"description\":\"Lurralde Ehizako Federazioa\",\"potentialAction\":[{\"@type\":\"SearchAction\",\"target\":{\"@type\":\"EntryPoint\",\"urlTemplate\":\"https:\/\/fedecazabizkaia.org\/?s={search_term_string}\"},\"query-input\":{\"@type\":\"PropertyValueSpecification\",\"valueRequired\":true,\"valueName\":\"search_term_string\"}}],\"inLanguage\":\"eu\"}]}<\/script>\n<!-- \/ Yoast SEO plugin. -->","yoast_head_json":{"title":"[:es]Expedici\u00f3n Certificados Legalizaci\u00f3n Armas Detonadoras[:] - FEDERACI\u00d3N BIZKAINA DE CAZA","robots":{"index":"index","follow":"follow","max-snippet":"max-snippet:-1","max-image-preview":"max-image-preview:large","max-video-preview":"max-video-preview:-1"},"canonical":"https:\/\/fedecazabizkaia.org\/expedicion-certificados-legalizacion-armas-detonadoras\/","og_locale":"en_US","og_type":"article","og_title":"[:es]Expedici\u00f3n Certificados Legalizaci\u00f3n Armas Detonadoras[:] - FEDERACI\u00d3N BIZKAINA DE CAZA","og_description":"Sentitzen dugu, baina sarrera hau %LANG-z:, : eta % bakarrik dago.","og_url":"https:\/\/fedecazabizkaia.org\/expedicion-certificados-legalizacion-armas-detonadoras\/","og_site_name":"FEDERACI\u00d3N BIZKAINA DE CAZA","article_publisher":"https:\/\/www.facebook.com\/FederacionBizkainaDeCaza\/","og_image":[{"width":800,"height":800,"url":"https:\/\/fedecazabizkaia.org\/wp-content\/uploads\/2018\/05\/se-podran-seguir-usando-armas-detonadoras-en-el-adiestramiento-profesional-de-perros-de-caza-perros-1.jpg","type":"image\/jpeg"}],"twitter_card":"summary_large_image","schema":{"@context":"https:\/\/schema.org","@graph":[{"@type":"WebPage","@id":"https:\/\/fedecazabizkaia.org\/expedicion-certificados-legalizacion-armas-detonadoras\/","url":"https:\/\/fedecazabizkaia.org\/expedicion-certificados-legalizacion-armas-detonadoras\/","name":"[:es]Expedici\u00f3n Certificados Legalizaci\u00f3n Armas Detonadoras[:] - FEDERACI\u00d3N BIZKAINA DE CAZA","isPartOf":{"@id":"https:\/\/fedecazabizkaia.org\/#website"},"primaryImageOfPage":{"@id":"https:\/\/fedecazabizkaia.org\/expedicion-certificados-legalizacion-armas-detonadoras\/#primaryimage"},"image":{"@id":"https:\/\/fedecazabizkaia.org\/expedicion-certificados-legalizacion-armas-detonadoras\/#primaryimage"},"thumbnailUrl":"https:\/\/fedecazabizkaia.org\/wp-content\/uploads\/2018\/05\/se-podran-seguir-usando-armas-detonadoras-en-el-adiestramiento-profesional-de-perros-de-caza-perros-1.jpg","datePublished":"2018-05-17T12:57:45+00:00","dateModified":"2018-05-17T12:57:45+00:00","breadcrumb":{"@id":"https:\/\/fedecazabizkaia.org\/expedicion-certificados-legalizacion-armas-detonadoras\/#breadcrumb"},"inLanguage":"eu","potentialAction":[{"@type":"ReadAction","target":["https:\/\/fedecazabizkaia.org\/expedicion-certificados-legalizacion-armas-detonadoras\/"]}]},{"@type":"ImageObject","inLanguage":"eu","@id":"https:\/\/fedecazabizkaia.org\/expedicion-certificados-legalizacion-armas-detonadoras\/#primaryimage","url":"https:\/\/fedecazabizkaia.org\/wp-content\/uploads\/2018\/05\/se-podran-seguir-usando-armas-detonadoras-en-el-adiestramiento-profesional-de-perros-de-caza-perros-1.jpg","contentUrl":"https:\/\/fedecazabizkaia.org\/wp-content\/uploads\/2018\/05\/se-podran-seguir-usando-armas-detonadoras-en-el-adiestramiento-profesional-de-perros-de-caza-perros-1.jpg","width":800,"height":800},{"@type":"BreadcrumbList","@id":"https:\/\/fedecazabizkaia.org\/expedicion-certificados-legalizacion-armas-detonadoras\/#breadcrumb","itemListElement":[{"@type":"ListItem","position":1,"name":"Portada","item":"https:\/\/fedecazabizkaia.org\/"},{"@type":"ListItem","position":2,"name":"Expedici\u00f3n Certificados Legalizaci\u00f3n Armas Detonadoras"}]},{"@type":"WebSite","@id":"https:\/\/fedecazabizkaia.org\/#website","url":"https:\/\/fedecazabizkaia.org\/","name":"FEDERACI\u00d3N BIZKAINA DE CAZA","description":"Lurralde Ehizako Federazioa","potentialAction":[{"@type":"SearchAction","target":{"@type":"EntryPoint","urlTemplate":"https:\/\/fedecazabizkaia.org\/?s={search_term_string}"},"query-input":{"@type":"PropertyValueSpecification","valueRequired":true,"valueName":"search_term_string"}}],"inLanguage":"eu"}]}},"_links":{"self":[{"href":"https:\/\/fedecazabizkaia.org\/eu\/wp-json\/wp\/v2\/pages\/3351"}],"collection":[{"href":"https:\/\/fedecazabizkaia.org\/eu\/wp-json\/wp\/v2\/pages"}],"about":[{"href":"https:\/\/fedecazabizkaia.org\/eu\/wp-json\/wp\/v2\/types\/page"}],"author":[{"embeddable":true,"href":"https:\/\/fedecazabizkaia.org\/eu\/wp-json\/wp\/v2\/users\/1"}],"replies":[{"embeddable":true,"href":"https:\/\/fedecazabizkaia.org\/eu\/wp-json\/wp\/v2\/comments?post=3351"}],"version-history":[{"count":1,"href":"https:\/\/fedecazabizkaia.org\/eu\/wp-json\/wp\/v2\/pages\/3351\/revisions"}],"predecessor-version":[{"id":3355,"href":"https:\/\/fedecazabizkaia.org\/eu\/wp-json\/wp\/v2\/pages\/3351\/revisions\/3355"}],"wp:featuredmedia":[{"embeddable":true,"href":"https:\/\/fedecazabizkaia.org\/eu\/wp-json\/wp\/v2\/media\/3352"}],"wp:attachment":[{"href":"https:\/\/fedecazabizkaia.org\/eu\/wp-json\/wp\/v2\/media?parent=3351"}],"curies":[{"name":"wp","href":"https:\/\/api.w.org\/{rel}","templated":true}]}}